{"id":2182,"date":"2025-02-25T15:09:16","date_gmt":"2025-02-25T13:09:16","guid":{"rendered":"https:\/\/enlito.lt\/?page_id=2182"},"modified":"2025-09-24T20:25:41","modified_gmt":"2025-09-24T17:25:41","slug":"kontakte","status":"publish","type":"page","link":"https:\/\/enlito.lt\/de\/kontakte\/","title":{"rendered":"Kontakte"},"content":{"rendered":"<div class=\"wpb-content-wrapper\"><p>[vc_row][vc_column][vc_empty_space height=&#8220;70px&#8220; woodmart_hide_large=&#8220;0&#8243; woodmart_hide_medium=&#8220;0&#8243; woodmart_hide_small=&#8220;0&#8243;][vc_custom_heading text=&#8220;Bitte kontaktieren Sie uns&#8220; font_container=&#8220;tag:h2|text_align:center&#8220; use_theme_fonts=&#8220;yes&#8220; css=&#8220;&#8220;][vc_empty_space woodmart_hide_large=&#8220;0&#8243; woodmart_hide_medium=&#8220;0&#8243; woodmart_hide_small=&#8220;0&#8243;][vc_column_text css=&#8220;&#8220; woodmart_inline=&#8220;no&#8220; text_larger=&#8220;no&#8220;]<\/p>\n<p style=\"text-align: center;\">M\u00f6chten Sie im Ausland oder in <a href=\"https:\/\/www.facebook.com\/profile.php?id=61573678178375\">Litauen<\/a> arbeiten? Suchen Sie eine zuverl\u00e4ssige Personalvermittlungsagentur f\u00fcr Ihr Unternehmen? <a href=\"https:\/\/enlito.lt\/de\/ueber-uns\/\">Das Team<\/a> von Enlito steht Ihnen gerne zur Verf\u00fcgung. Kontaktieren Sie uns f\u00fcr Stellenangebote in Europa, Personall\u00f6sungen f\u00fcr Arbeitgeber, Personalbeschaffung und andere Fragen zum Personalmanagement.<\/p>\n<p style=\"text-align: center;\">Wir verf\u00fcgen \u00fcber langj\u00e4hrige Erfahrung sowohl mit Bewerbern als auch mit Arbeitgebern. Egal, ob Sie einen Job oder Mitarbeiter suchen, wir reagieren schnell und konkret.<\/p>\n<p>[\/vc_column_text][\/vc_column][\/vc_row][vc_row][vc_column][vc_empty_space height=&#8220;30px&#8220; woodmart_hide_large=&#8220;0&#8243; woodmart_hide_medium=&#8220;0&#8243; woodmart_hide_small=&#8220;0&#8243;][vc_row_inner equal_height=&#8220;yes&#8220; content_placement=&#8220;middle&#8220; gap=&#8220;35&#8243; woodmart_css_id=&#8220;67f68e88186b6&#8243; responsive_spacing=&#8220;eyJwYXJhbV90eXBlIjoid29vZG1hcnRfcmVzcG9uc2l2ZV9zcGFjaW5nIiwic2VsZWN0b3JfaWQiOiI2N2Y2OGU4ODE4NmI2Iiwic2hvcnRjb2RlIjoidmNfcm93X2lubmVyIiwiZGF0YSI6eyJ0YWJsZXQiOnt9LCJtb2JpbGUiOnt9fX0=&#8220; mobile_bg_img_hidden=&#8220;no&#8220; tablet_bg_img_hidden=&#8220;no&#8220; woodmart_parallax=&#8220;0&#8243; woodmart_gradient_switch=&#8220;no&#8220; woodmart_box_shadow=&#8220;no&#8220; wd_z_index=&#8220;no&#8220; woodmart_disable_overflow=&#8220;0&#8243; row_reverse_mobile=&#8220;0&#8243; row_reverse_tablet=&#8220;0&#8243; el_class=&#8220;kontaktai_icons_row1&#8243;][vc_column_inner width=&#8220;1\/3&#8243;]\n\t\t<ul class=\" wd-rs-68d4297adacb5 wd-list wd-wpb color-scheme- wd-fontsize-m wd-type-image wd-style-default text-left \" id=\"wd-68d4297adacb5\">\n\t\t\t\t\t\t\t\t\t\t\t<li>\n\t\t\t\t\t<span class=\"wd-icon\"><img decoding=\"async\"  src=\"https:\/\/enlito.lt\/wp-content\/uploads\/2025\/04\/ico_phone.svg\" title=\"ico_phone\" loading=\"lazy\" width=\"40\" height=\"40\"><\/span>\n\t\t\t\t\t<span class=\"wd-list-content list-content\">\n\t\t\t\t\t\t\t\t\t\t\t\t\t<a href=\"tel:+4915126362680\" title=\"\">\n\t\t\t\t\t\t\t\t+4915126362680\t\t\t\t\t\t\t<\/a>\n\t\t\t\t\t\t\t\t\t\t\t<\/span>\n\t\t\t\t<\/li>\n\t\t\t\t\t<\/ul>\n\t\t[\/vc_column_inner][vc_column_inner width=&#8220;1\/3&#8243;]\n\t\t<ul class=\" wd-rs-67f68e6b2a73a wd-list wd-wpb color-scheme- wd-fontsize-m wd-type-image wd-style-default text-left \" id=\"wd-67f68e6b2a73a\">\n\t\t\t\t\t\t\t\t\t\t\t<li>\n\t\t\t\t\t<span class=\"wd-icon\"><img decoding=\"async\"  src=\"https:\/\/enlito.lt\/wp-content\/uploads\/2025\/04\/ico_mail.svg\" title=\"ico_mail\" loading=\"lazy\" width=\"40\" height=\"40\"><\/span>\n\t\t\t\t\t<span class=\"wd-list-content list-content\">\n\t\t\t\t\t\t\t\t\t\t\t\t\t<a href=\"mailto:info@enlito.lt\" title=\"\">\n\t\t\t\t\t\t\t\tinfo@enlito.lt\t\t\t\t\t\t\t<\/a>\n\t\t\t\t\t\t\t\t\t\t\t<\/span>\n\t\t\t\t<\/li>\n\t\t\t\t\t<\/ul>\n\t\t[\/vc_column_inner][vc_column_inner width=&#8220;1\/3&#8243;]\n\t\t<ul class=\" wd-rs-67f68eb9b96b8 wd-list wd-wpb color-scheme- wd-fontsize-m wd-type-image wd-style-default text-left \" id=\"wd-67f68eb9b96b8\">\n\t\t\t\t\t\t\t\t\t\t\t<li>\n\t\t\t\t\t<span class=\"wd-icon\"><img decoding=\"async\"  src=\"https:\/\/enlito.lt\/wp-content\/uploads\/2025\/04\/ico_time.svg\" title=\"ico_time\" loading=\"lazy\" width=\"40\" height=\"40\"><\/span>\n\t\t\t\t\t<span class=\"wd-list-content list-content\">\n\t\t\t\t\t\t\t\t\t\t\t\t\tI-IV 8:00-16:00<br\/>\nV 8:00-12:30\t\t\t\t\t\t\t\t\t\t\t<\/span>\n\t\t\t\t<\/li>\n\t\t\t\t\t<\/ul>\n\t\t[\/vc_column_inner][\/vc_row_inner][vc_empty_space height=&#8220;80px&#8220; woodmart_hide_large=&#8220;0&#8243; woodmart_hide_medium=&#8220;0&#8243; woodmart_hide_small=&#8220;0&#8243; el_class=&#8220;mobile_to_50&#8243;][\/vc_column][\/vc_row][vc_row el_class=&#8220;kontaktai_icons_row2&#8243; woodmart_css_id=&#8220;67f68f8d84250&#8243; responsive_spacing=&#8220;eyJwYXJhbV90eXBlIjoid29vZG1hcnRfcmVzcG9uc2l2ZV9zcGFjaW5nIiwic2VsZWN0b3JfaWQiOiI2N2Y2OGY4ZDg0MjUwIiwic2hvcnRjb2RlIjoidmNfcm93IiwiZGF0YSI6eyJ0YWJsZXQiOnt9LCJtb2JpbGUiOnt9fX0=&#8220; mobile_bg_img_hidden=&#8220;no&#8220; tablet_bg_img_hidden=&#8220;no&#8220; woodmart_parallax=&#8220;0&#8243; woodmart_gradient_switch=&#8220;no&#8220; woodmart_box_shadow=&#8220;no&#8220; wd_z_index=&#8220;no&#8220; woodmart_disable_overflow=&#8220;0&#8243; row_reverse_mobile=&#8220;0&#8243; row_reverse_tablet=&#8220;0&#8243;][vc_column width=&#8220;1\/3&#8243;]\n\t\t<ul class=\" wd-rs-689cbf14da627 wd-list wd-wpb color-scheme- wd-fontsize-m wd-type-image wd-style-default text-left \" id=\"wd-689cbf14da627\">\n\t\t\t\t\t\t\t\t\t\t\t<li>\n\t\t\t\t\t<span class=\"wd-icon\"><img decoding=\"async\"  src=\"https:\/\/enlito.lt\/wp-content\/uploads\/2025\/04\/ico_place.svg\" title=\"ico_place\" loading=\"lazy\" width=\"40\" height=\"40\"><\/span>\n\t\t\t\t\t<span class=\"wd-list-content list-content\">\n\t\t\t\t\t\t\t\t\t\t\t\t\t<a href=\"https:\/\/maps.google.com\/maps?ll=54.554946,23.353256&#038;z=16&#038;t=m&#038;hl=lt&#038;gl=LT&#038;mapclient=embed&#038;q=Laisv%C4%97s%20g.%204%20Marijampol%C4%97%2068306%20Marijampol%C4%97s%20sav.\" title=\"\" target=\"_blank\" rel=\"nofollow\">\n\t\t\t\t\t\t\t\tLaisv\u0117s Str. 4<br \/>\n68306, Marijampol\u0117\t\t\t\t\t\t\t<\/a>\n\t\t\t\t\t\t\t\t\t\t\t<\/span>\n\t\t\t\t<\/li>\n\t\t\t\t\t<\/ul>\n\t\t[vc_gmaps link=&#8220;#E-8_JTNDaWZyYW1lJTIwc3JjJTNEJTIyaHR0cHMlM0ElMkYlMkZ3d3cuZ29vZ2xlLmNvbSUyRm1hcHMlMkZlbWJlZCUzRnBiJTNEJTIxMW0xOCUyMTFtMTIlMjExbTMlMjExZDI3NTEuNTYwMzUxMTg2NDg5NyUyMTJkMjMuMzUwNzA5NTk2NjMzNDclMjEzZDU0LjU1NTA1MjI5MDY5NDAxNSUyMTJtMyUyMTFmMCUyMTJmMCUyMTNmMCUyMTNtMiUyMTFpMTAyNCUyMTJpNzY4JTIxNGYxMy4xJTIxM20zJTIxMW0yJTIxMXMweDQ2ZTEyYTIxY2Q3MjUzYTMlMjUzQTB4MmZmZDdmZTBiMzE2MzQ4OCUyMTJzTGFpc3YlMjVDNCUyNTk3cyUyNTIwZy4lMjUyMDQlMjUyQyUyNTIwTWFyaWphbXBvbCUyNUM0JTI1OTclMjUyQyUyNTIwNjgzMDYlMjUyME1hcmlqYW1wb2wlMjVDNCUyNTk3cyUyNTIwc2F2LiUyMTVlMCUyMTNtMiUyMTFzbHQlMjEyc2x0JTIxNHYxNzQ0MjExOTk5MTYxJTIxNW0yJTIxMXNsdCUyMTJzbHQlMjIlMjB3aWR0aCUzRCUyMjYwMCUyMiUyMGhlaWdodCUzRCUyMjQ1MCUyMiUyMHN0eWxlJTNEJTIyYm9yZGVyJTNBMCUzQiUyMiUyMGFsbG93ZnVsbHNjcmVlbiUzRCUyMiUyMiUyMGxvYWRpbmclM0QlMjJsYXp5JTIyJTIwcmVmZXJyZXJwb2xpY3klM0QlMjJuby1yZWZlcnJlci13aGVuLWRvd25ncmFkZSUyMiUzRSUzQyUyRmlmcmFtZSUzRQ==&#8220; css=&#8220;&#8220;][\/vc_column][vc_column width=&#8220;1\/3&#8243;]\n\t\t<ul class=\" wd-rs-689cbf27075c1 wd-list wd-wpb color-scheme- wd-fontsize-m wd-type-image wd-style-default text-left \" id=\"wd-689cbf27075c1\">\n\t\t\t\t\t\t\t\t\t\t\t<li>\n\t\t\t\t\t<span class=\"wd-icon\"><img decoding=\"async\"  src=\"https:\/\/enlito.lt\/wp-content\/uploads\/2025\/04\/ico_place.svg\" title=\"ico_place\" loading=\"lazy\" width=\"40\" height=\"40\"><\/span>\n\t\t\t\t\t<span class=\"wd-list-content list-content\">\n\t\t\t\t\t\t\t\t\t\t\t\t\t<a href=\"https:\/\/maps.google.com\/maps?ll=54.667931,25.255538&#038;z=16&#038;t=m&#038;hl=lt&#038;gl=LT&#038;mapclient=embed&#038;q=Naugarduko%20g.%20100%20Vilnius%2003142%20Vilniaus%20m.%20sav.\" title=\"\" target=\"_blank\" rel=\"nofollow\">\n\t\t\t\t\t\t\t\tNaugarduko Str. 100-202<br \/>\n03160, Vilnius\t\t\t\t\t\t\t<\/a>\n\t\t\t\t\t\t\t\t\t\t\t<\/span>\n\t\t\t\t<\/li>\n\t\t\t\t\t<\/ul>\n\t\t[vc_gmaps link=&#8220;#E-8_JTNDaWZyYW1lJTIwc3JjJTNEJTIyaHR0cHMlM0ElMkYlMkZ3d3cuZ29vZ2xlLmNvbSUyRm1hcHMlMkZlbWJlZCUzRnBiJTNEJTIxMW0xOCUyMTFtMTIlMjExbTMlMjExZDI3NDMuOTM1NDczODk3ODk5JTIxMmQyNS4yNTMwODExMTU0MDI1NSUyMTNkNTQuNjY3OTk0NzM0MDE1MDIlMjEybTMlMjExZjAlMjEyZjAlMjEzZjAlMjEzbTIlMjExaTEwMjQlMjEyaTc2OCUyMTRmMTMuMSUyMTNtMyUyMTFtMiUyMTFzMHg0NmRkOTQ3YjE5MTM0ZWU5JTI1M0EweDM1NTUwOGRmNDIxZWRkZGYlMjEyc05hdWdhcmR1a28lMjUyMGcuJTI1MjAxMDAlMjUyQyUyNTIwVmlsbml1cyUyNTJDJTI1MjAwMzE0MiUyNTIwVmlsbmlhdXMlMjUyMG0uJTI1MjBzYXYuJTIxNWUwJTIxM20yJTIxMXNsdCUyMTJzbHQlMjE0djE3NDQyMTIwNjI4OTQlMjE1bTIlMjExc2x0JTIxMnNsdCUyMiUyMHdpZHRoJTNEJTIyNjAwJTIyJTIwaGVpZ2h0JTNEJTIyNDUwJTIyJTIwc3R5bGUlM0QlMjJib3JkZXIlM0EwJTNCJTIyJTIwYWxsb3dmdWxsc2NyZWVuJTNEJTIyJTIyJTIwbG9hZGluZyUzRCUyMmxhenklMjIlMjByZWZlcnJlcnBvbGljeSUzRCUyMm5vLXJlZmVycmVyLXdoZW4tZG93bmdyYWRlJTIyJTNFJTNDJTJGaWZyYW1lJTNF&#8220; css=&#8220;&#8220;][\/vc_column][vc_column width=&#8220;1\/3&#8243;]\n\t\t<ul class=\" wd-rs-68d13df12cf0c wd-list wd-wpb color-scheme- wd-fontsize-m wd-type-image wd-style-default text-left \" id=\"wd-68d13df12cf0c\">\n\t\t\t\t\t\t\t\t\t\t\t<li>\n\t\t\t\t\t<span class=\"wd-icon\"><img decoding=\"async\"  src=\"https:\/\/enlito.lt\/wp-content\/uploads\/2025\/04\/ico_place.svg\" title=\"ico_place\" loading=\"lazy\" width=\"40\" height=\"40\"><\/span>\n\t\t\t\t\t<span class=\"wd-list-content list-content\">\n\t\t\t\t\t\t\t\t\t\t\t\t\t<a href=\"https:\/\/www.google.lt\/maps\/place\/%C5%BDemait%C4%97s+g.+96,+%C5%A0iauliai,+76197+%C5%A0iauli%C5%B3+m.+sav.\/@55.9468807,23.3233963,17z\/data=!3m1!4b1!4m6!3m5!1s0x46e5e33f4708ee0f:0xd5ce7ef0bb1814ed!8m2!3d55.9468807!4d23.3233963!16s%2Fg%2F11v5gjbpr9?entry=ttu&#038;g_ep=EgoyMDI1MDkxNy4wIKXMDSoASAFQAw%3D%3D\" title=\"\" target=\"_blank\" rel=\"nofollow\">\n\t\t\t\t\t\t\t\t\u017demait\u0117s Str. 96<br \/>\n76197, \u0160iauliai\t\t\t\t\t\t\t<\/a>\n\t\t\t\t\t\t\t\t\t\t\t<\/span>\n\t\t\t\t<\/li>\n\t\t\t\t\t<\/ul>\n\t\t[vc_gmaps link=&#8220;#E-8_JTNDaWZyYW1lJTIwc3JjJTNEJTIyaHR0cHMlM0ElMkYlMkZ3d3cuZ29vZ2xlLmNvbSUyRm1hcHMlMkZlbWJlZCUzRnBiJTNEJTIxMW0xOCUyMTFtMTIlMjExbTMlMjExZDIyMzQuMTQzNzMwOTg2MTEzNSUyMTJkMjMuMzIzMzk2Mjk5OTk5OTk1JTIxM2Q1NS45NDY4ODA2OTk5OTk5OTQlMjEybTMlMjExZjAlMjEyZjAlMjEzZjAlMjEzbTIlMjExaTEwMjQlMjEyaTc2OCUyMTRmMTMuMSUyMTNtMyUyMTFtMiUyMTFzMHg0NmU1ZTMzZjQ3MDhlZTBmJTI1M0EweGQ1Y2U3ZWYwYmIxODE0ZWQlMjEyenhiMWxiV0ZwZE1TWGN5Qm5MaUE1Tml3Z3hhQnBZWFZzYVdGcExDQTNOakU1TnlERm9HbGhkV3hweGJNZ2JTNGdjMkYyTGclMjE1ZTAlMjEzbTIlMjExc2x0JTIxMnNsdCUyMTR2MTc1ODU0Mjc0MTkzMSUyMTVtMiUyMTFzbHQlMjEyc2x0JTIyJTIwd2lkdGglM0QlMjI2MDAlMjIlMjBoZWlnaHQlM0QlMjI0NTAlMjIlMjBzdHlsZSUzRCUyMmJvcmRlciUzQTAlM0IlMjIlMjBhbGxvd2Z1bGxzY3JlZW4lM0QlMjIlMjIlMjBsb2FkaW5nJTNEJTIybGF6eSUyMiUyMHJlZmVycmVycG9saWN5JTNEJTIybm8tcmVmZXJyZXItd2hlbi1kb3duZ3JhZGUlMjIlM0UlM0MlMkZpZnJhbWUlM0U=&#8220; css=&#8220;&#8220;][\/vc_column][\/vc_row][vc_row][vc_column][vc_empty_space height=&#8220;100px&#8220; woodmart_hide_large=&#8220;0&#8243; woodmart_hide_medium=&#8220;0&#8243; woodmart_hide_small=&#8220;0&#8243; el_class=&#8220;mobile_to_50&#8243;][vc_raw_html css=&#8220;&#8220;]JTNDc2NyaXB0JTIwZGF0YS1iMjQtZm9ybSUzRCUyMmlubGluZSUyRjIyMyUyRmRjMTR4YiUyMiUyMGRhdGEtc2tpcC1tb3ZpbmclM0QlMjJ0cnVlJTIyJTNFJTBEJTBBJTI4ZnVuY3Rpb24lMjh3JTJDZCUyQ3UlMjklN0IlMEQlMEF2YXIlMjBzJTNEZC5jcmVhdGVFbGVtZW50JTI4JTI3c2NyaXB0JTI3JTI5JTNCcy5hc3luYyUzRHRydWUlM0JzLnNyYyUzRHUlMkIlMjclM0YlMjclMkIlMjhEYXRlLm5vdyUyOCUyOSUyRjE4MDAwMCU3QzAlMjklM0IlMEQlMEF2YXIlMjBoJTNEZC5nZXRFbGVtZW50c0J5VGFnTmFtZSUyOCUyN3NjcmlwdCUyNyUyOSU1QjAlNUQlM0JoLnBhcmVudE5vZGUuaW5zZXJ0QmVmb3JlJTI4cyUyQ2glMjklM0IlMEQlMEElN0QlMjklMjh3aW5kb3clMkNkb2N1bWVudCUyQyUyN2h0dHBzJTNBJTJGJTJGZW5saXRvLm9ubGluZSUyRnVwbG9hZCUyRmNybSUyRmZvcm0lMkZsb2FkZXJfMjIzX2RjMTR4Yi5qcyUyNyUyOSUzQiUwRCUwQSUzQyUyRnNjcmlwdCUzRQ==[\/vc_raw_html][vc_empty_space height=&#8220;80px&#8220; woodmart_hide_large=&#8220;0&#8243; woodmart_hide_medium=&#8220;0&#8243; woodmart_hide_small=&#8220;0&#8243;][\/vc_column][\/vc_row]<\/p>\n<\/div>","protected":false},"excerpt":{"rendered":"<p>[vc_row][vc_column][vc_empty_space height=&#8220;70px&#8220; woodmart_hide_large=&#8220;0&#8243; woodmart_hide_medium=&#8220;0&#8243; woodmart_hide_small=&#8220;0&#8243;][vc_custom_heading text=&#8220;Bitte kontaktieren Sie uns&#8220; font_container=&#8220;tag:h2|text_align:center&#8220; use_theme_fonts=&#8220;yes&#8220; css=&#8220;&#8220;][vc_empty_space woodmart_hide_large=&#8220;0&#8243; woodmart_hide_medium=&#8220;0&#8243; woodmart_hide_small=&#8220;0&#8243;][vc_column_text css=&#8220;&#8220; woodmart_inline=&#8220;no&#8220; text_larger=&#8220;no&#8220;] M\u00f6chten Sie<\/p>\n","protected":false},"author":1,"featured_media":0,"parent":0,"menu_order":0,"comment_status":"closed","ping_status":"closed","template":"","meta":{"_acf_changed":false,"footnotes":""},"class_list":["post-2182","page","type-page","status-publish","hentry"],"acf":[],"yoast_head":"<!-- This site is optimized with the Yoast SEO Premium plugin v27.1 (Yoast SEO v27.1.1) - https:\/\/yoast.com\/product\/yoast-seo-premium-wordpress\/ -->\n<title>Kontaktieren Sie ENLITO \u2013 Ihre zuverl\u00e4ssige Personalagentur<\/title>\n<meta name=\"description\" content=\"Nehmen Sie Kontakt mit ENLITO auf. Wir beraten Sie gerne zu Personaldienstleistungen, Arbeitnehmer\u00fcberlassung und Recruiting-L\u00f6sungen ...\" \/>\n<meta name=\"robots\" content=\"index, follow, max-snippet:-1, max-image-preview:large, max-video-preview:-1\" \/>\n<link rel=\"canonical\" href=\"https:\/\/enlito.lt\/de\/kontakte\/\" \/>\n<meta property=\"og:locale\" content=\"de_DE\" \/>\n<meta property=\"og:type\" content=\"article\" \/>\n<meta property=\"og:title\" content=\"Kontakte\" \/>\n<meta property=\"og:description\" content=\"Nehmen Sie Kontakt mit ENLITO auf. Wir beraten Sie gerne zu Personaldienstleistungen, Arbeitnehmer\u00fcberlassung und Recruiting-L\u00f6sungen ...\" \/>\n<meta property=\"og:url\" content=\"https:\/\/enlito.lt\/de\/kontakte\/\" \/>\n<meta property=\"og:site_name\" content=\"Enlito\" \/>\n<meta property=\"article:modified_time\" content=\"2025-09-24T17:25:41+00:00\" \/>\n<meta name=\"twitter:card\" content=\"summary_large_image\" \/>\n<meta name=\"twitter:label1\" content=\"Gesch\u00e4tzte Lesezeit\" \/>\n\t<meta name=\"twitter:data1\" content=\"2\u00a0Minuten\" \/>\n<script type=\"application\/ld+json\" class=\"yoast-schema-graph\">{\"@context\":\"https:\/\/schema.org\",\"@graph\":[{\"@type\":\"WebPage\",\"@id\":\"https:\/\/enlito.lt\/de\/kontakte\/\",\"url\":\"https:\/\/enlito.lt\/de\/kontakte\/\",\"name\":\"Kontaktieren Sie ENLITO \u2013 Ihre zuverl\u00e4ssige Personalagentur\",\"isPartOf\":{\"@id\":\"https:\/\/enlito.lt\/de\/#website\"},\"datePublished\":\"2025-02-25T13:09:16+00:00\",\"dateModified\":\"2025-09-24T17:25:41+00:00\",\"description\":\"Nehmen Sie Kontakt mit ENLITO auf. Wir beraten Sie gerne zu Personaldienstleistungen, Arbeitnehmer\u00fcberlassung und Recruiting-L\u00f6sungen ...\",\"breadcrumb\":{\"@id\":\"https:\/\/enlito.lt\/de\/kontakte\/#breadcrumb\"},\"inLanguage\":\"de\",\"potentialAction\":[{\"@type\":\"ReadAction\",\"target\":[\"https:\/\/enlito.lt\/de\/kontakte\/\"]}]},{\"@type\":\"BreadcrumbList\",\"@id\":\"https:\/\/enlito.lt\/de\/kontakte\/#breadcrumb\",\"itemListElement\":[{\"@type\":\"ListItem\",\"position\":1,\"name\":\"&nbsp;\",\"item\":\"https:\/\/enlito.lt\/de\/\"},{\"@type\":\"ListItem\",\"position\":2,\"name\":\"Kontakte\"}]},{\"@type\":\"WebSite\",\"@id\":\"https:\/\/enlito.lt\/de\/#website\",\"url\":\"https:\/\/enlito.lt\/de\/\",\"name\":\"Enlito\",\"description\":\"\",\"potentialAction\":[{\"@type\":\"SearchAction\",\"target\":{\"@type\":\"EntryPoint\",\"urlTemplate\":\"https:\/\/enlito.lt\/de\/?s={search_term_string}\"},\"query-input\":{\"@type\":\"PropertyValueSpecification\",\"valueRequired\":true,\"valueName\":\"search_term_string\"}}],\"inLanguage\":\"de\"}]}<\/script>\n<!-- \/ Yoast SEO Premium plugin. -->","yoast_head_json":{"title":"Kontaktieren Sie ENLITO \u2013 Ihre zuverl\u00e4ssige Personalagentur","description":"Nehmen Sie Kontakt mit ENLITO auf. Wir beraten Sie gerne zu Personaldienstleistungen, Arbeitnehmer\u00fcberlassung und Recruiting-L\u00f6sungen ...","robots":{"index":"index","follow":"follow","max-snippet":"max-snippet:-1","max-image-preview":"max-image-preview:large","max-video-preview":"max-video-preview:-1"},"canonical":"https:\/\/enlito.lt\/de\/kontakte\/","og_locale":"de_DE","og_type":"article","og_title":"Kontakte","og_description":"Nehmen Sie Kontakt mit ENLITO auf. Wir beraten Sie gerne zu Personaldienstleistungen, Arbeitnehmer\u00fcberlassung und Recruiting-L\u00f6sungen ...","og_url":"https:\/\/enlito.lt\/de\/kontakte\/","og_site_name":"Enlito","article_modified_time":"2025-09-24T17:25:41+00:00","twitter_card":"summary_large_image","twitter_misc":{"Gesch\u00e4tzte Lesezeit":"2\u00a0Minuten"},"schema":{"@context":"https:\/\/schema.org","@graph":[{"@type":"WebPage","@id":"https:\/\/enlito.lt\/de\/kontakte\/","url":"https:\/\/enlito.lt\/de\/kontakte\/","name":"Kontaktieren Sie ENLITO \u2013 Ihre zuverl\u00e4ssige Personalagentur","isPartOf":{"@id":"https:\/\/enlito.lt\/de\/#website"},"datePublished":"2025-02-25T13:09:16+00:00","dateModified":"2025-09-24T17:25:41+00:00","description":"Nehmen Sie Kontakt mit ENLITO auf. Wir beraten Sie gerne zu Personaldienstleistungen, Arbeitnehmer\u00fcberlassung und Recruiting-L\u00f6sungen ...","breadcrumb":{"@id":"https:\/\/enlito.lt\/de\/kontakte\/#breadcrumb"},"inLanguage":"de","potentialAction":[{"@type":"ReadAction","target":["https:\/\/enlito.lt\/de\/kontakte\/"]}]},{"@type":"BreadcrumbList","@id":"https:\/\/enlito.lt\/de\/kontakte\/#breadcrumb","itemListElement":[{"@type":"ListItem","position":1,"name":"&nbsp;","item":"https:\/\/enlito.lt\/de\/"},{"@type":"ListItem","position":2,"name":"Kontakte"}]},{"@type":"WebSite","@id":"https:\/\/enlito.lt\/de\/#website","url":"https:\/\/enlito.lt\/de\/","name":"Enlito","description":"","potentialAction":[{"@type":"SearchAction","target":{"@type":"EntryPoint","urlTemplate":"https:\/\/enlito.lt\/de\/?s={search_term_string}"},"query-input":{"@type":"PropertyValueSpecification","valueRequired":true,"valueName":"search_term_string"}}],"inLanguage":"de"}]}},"_links":{"self":[{"href":"https:\/\/enlito.lt\/de\/wp-json\/wp\/v2\/pages\/2182","targetHints":{"allow":["GET"]}}],"collection":[{"href":"https:\/\/enlito.lt\/de\/wp-json\/wp\/v2\/pages"}],"about":[{"href":"https:\/\/enlito.lt\/de\/wp-json\/wp\/v2\/types\/page"}],"author":[{"embeddable":true,"href":"https:\/\/enlito.lt\/de\/wp-json\/wp\/v2\/users\/1"}],"replies":[{"embeddable":true,"href":"https:\/\/enlito.lt\/de\/wp-json\/wp\/v2\/comments?post=2182"}],"version-history":[{"count":9,"href":"https:\/\/enlito.lt\/de\/wp-json\/wp\/v2\/pages\/2182\/revisions"}],"predecessor-version":[{"id":2528,"href":"https:\/\/enlito.lt\/de\/wp-json\/wp\/v2\/pages\/2182\/revisions\/2528"}],"wp:attachment":[{"href":"https:\/\/enlito.lt\/de\/wp-json\/wp\/v2\/media?parent=2182"}],"curies":[{"name":"wp","href":"https:\/\/api.w.org\/{rel}","templated":true}]}}