{"id":2191,"date":"2025-04-16T08:26:11","date_gmt":"2025-04-16T05:26:11","guid":{"rendered":"https:\/\/enlito.lt\/?page_id=2191"},"modified":"2025-08-20T11:28:33","modified_gmt":"2025-08-20T08:28:33","slug":"nuetzliches","status":"publish","type":"page","link":"https:\/\/enlito.lt\/de\/nuetzliches\/","title":{"rendered":"N\u00fctzliches"},"content":{"rendered":"<div class=\"wpb-content-wrapper\"><p>[vc_row content_placement=&#8220;middle&#8220; woodmart_stretch_content=&#8220;section-stretch&#8220; el_class=&#8220;header1 naudinga_header&#8220; woodmart_css_id=&#8220;681c4a9cab6a1&#8243; responsive_spacing=&#8220;eyJwYXJhbV90eXBlIjoid29vZG1hcnRfcmVzcG9uc2l2ZV9zcGFjaW5nIiwic2VsZWN0b3JfaWQiOiI2ODFjNGE5Y2FiNmExIiwic2hvcnRjb2RlIjoidmNfcm93IiwiZGF0YSI6eyJ0YWJsZXQiOnt9LCJtb2JpbGUiOnt9fX0=&#8220; mobile_bg_img_hidden=&#8220;no&#8220; tablet_bg_img_hidden=&#8220;no&#8220; woodmart_parallax=&#8220;0&#8243; woodmart_gradient_switch=&#8220;no&#8220; woodmart_box_shadow=&#8220;no&#8220; wd_z_index=&#8220;no&#8220; woodmart_disable_overflow=&#8220;0&#8243; row_reverse_mobile=&#8220;0&#8243; row_reverse_tablet=&#8220;0&#8243; css=&#8220;.vc_custom_1746684584186{background-image: url(https:\/\/enlito.lt\/wp-content\/uploads\/2025\/05\/Dizainas-be-pavadinimo-25-scaled.png?id=1294) !important;}&#8220;][vc_column el_class=&#8220;header_content_block&#8220; woodmart_css_id=&#8220;67f6ab8647ce4&#8243; parallax_scroll=&#8220;no&#8220; woodmart_sticky_column=&#8220;false&#8220; wd_collapsible_content_switcher=&#8220;no&#8220; wd_column_role_offcanvas_desktop=&#8220;no&#8220; wd_column_role_offcanvas_tablet=&#8220;no&#8220; wd_column_role_offcanvas_mobile=&#8220;no&#8220; wd_column_role_content_desktop=&#8220;no&#8220; wd_column_role_content_tablet=&#8220;no&#8220; wd_column_role_content_mobile=&#8220;no&#8220; mobile_bg_img_hidden=&#8220;no&#8220; tablet_bg_img_hidden=&#8220;no&#8220; woodmart_parallax=&#8220;0&#8243; woodmart_box_shadow=&#8220;no&#8220; responsive_spacing=&#8220;eyJwYXJhbV90eXBlIjoid29vZG1hcnRfcmVzcG9uc2l2ZV9zcGFjaW5nIiwic2VsZWN0b3JfaWQiOiI2N2Y2YWI4NjQ3Y2U0Iiwic2hvcnRjb2RlIjoidmNfY29sdW1uIiwiZGF0YSI6eyJ0YWJsZXQiOnt9LCJtb2JpbGUiOnt9fX0=&#8220; mobile_reset_margin=&#8220;no&#8220; tablet_reset_margin=&#8220;no&#8220; wd_z_index=&#8220;no&#8220;][vc_column_text css=&#8220;&#8220; woodmart_inline=&#8220;no&#8220; text_larger=&#8220;no&#8220; el_class=&#8220;header_content&#8220;] <\/p>\n<h1>Das kann n\u00fctzlich sein&#8230;<\/h1>\n<p> <a href=\"https:\/\/www.facebook.com\/profile.php?id=61573678178375\">Willkommen<\/a> im Bereich \u201eN\u00fctzliches\u201c \u2013 hier teilen wir praxisnahe Empfehlungen, Schritt-f\u00fcr-Schritt-Guides und Antworten auf h\u00e4ufig gestellte Fragen. Ob Sie einen<a href=\"https:\/\/enlito.lt\/de\/kontakte\/\"> Job suchen<\/a> oder Mitarbeiter besch\u00e4ftigen \u2013 hier finden Sie Wissen, das Zeit spart und Entscheidungen erleichtert. In dieser Rubrik finden Sie praktische Tipps, Leitf\u00e4den und Antworten auf h\u00e4ufig gestellte Fragen. Hier finden Sie n\u00fctzliche Informationen, die Ihnen helfen, Fehler zu vermeiden, Zeit zu sparen und bessere Entscheidungen zu treffen.[\/vc_column_text][\/vc_column][\/vc_row][vc_row][vc_column][vc_raw_html css=&#8220;&#8220;]JTVCbmF1ZGluZ2ElMjBjYXRlZ29yeSUzRCUyMkRhcmJkYXZpYW1zJTIyJTIwcGVyX3BhZ2UlM0QlMjIxMCUyMiU1RA==[\/vc_raw_html][\/vc_column][\/vc_row]<\/p>\n<\/div>","protected":false},"excerpt":{"rendered":"<p>[vc_row content_placement=&#8220;middle&#8220; woodmart_stretch_content=&#8220;section-stretch&#8220; el_class=&#8220;header1 naudinga_header&#8220; woodmart_css_id=&#8220;681c4a9cab6a1&#8243; responsive_spacing=&#8220;eyJwYXJhbV90eXBlIjoid29vZG1hcnRfcmVzcG9uc2l2ZV9zcGFjaW5nIiwic2VsZWN0b3JfaWQiOiI2ODFjNGE5Y2FiNmExIiwic2hvcnRjb2RlIjoidmNfcm93IiwiZGF0YSI6eyJ0YWJsZXQiOnt9LCJtb2JpbGUiOnt9fX0=&#8220; mobile_bg_img_hidden=&#8220;no&#8220; tablet_bg_img_hidden=&#8220;no&#8220; woodmart_parallax=&#8220;0&#8243; woodmart_gradient_switch=&#8220;no&#8220; woodmart_box_shadow=&#8220;no&#8220; wd_z_index=&#8220;no&#8220; woodmart_disable_overflow=&#8220;0&#8243; row_reverse_mobile=&#8220;0&#8243; row_reverse_tablet=&#8220;0&#8243; css=&#8220;.vc_custom_1746684584186{background-image: url(https:\/\/enlito.lt\/wp-content\/uploads\/2025\/05\/Dizainas-be-pavadinimo-25-scaled.png?id=1294) !important;}&#8220;][vc_column el_class=&#8220;header_content_block&#8220;<\/p>\n","protected":false},"author":1,"featured_media":0,"parent":0,"menu_order":0,"comment_status":"closed","ping_status":"closed","template":"","meta":{"_acf_changed":false,"footnotes":""},"class_list":["post-2191","page","type-page","status-publish","hentry"],"acf":[],"yoast_head":"<!-- This site is optimized with the Yoast SEO Premium plugin v27.1 (Yoast SEO v27.1.1) - https:\/\/yoast.com\/product\/yoast-seo-premium-wordpress\/ -->\n<title>N\u00fctzliche Tipps - Enlito - Informationen f\u00fcr Arbeitgeber und Arbeitnehmer<\/title>\n<meta name=\"description\" content=\"In unserem Bereich \u201eN\u00fctzliches\u201c finden Sie praktische Ratgeber, Antworten auf h\u00e4ufige Fragen und hilfreiche Tipps rund um Personalmanagement\" \/>\n<meta name=\"robots\" content=\"index, follow, max-snippet:-1, max-image-preview:large, max-video-preview:-1\" \/>\n<link rel=\"canonical\" href=\"https:\/\/enlito.lt\/de\/nuetzliches\/\" \/>\n<meta property=\"og:locale\" content=\"de_DE\" \/>\n<meta property=\"og:type\" content=\"article\" \/>\n<meta property=\"og:title\" content=\"N\u00fctzliches\" \/>\n<meta property=\"og:description\" content=\"In unserem Bereich \u201eN\u00fctzliches\u201c finden Sie praktische Ratgeber, Antworten auf h\u00e4ufige Fragen und hilfreiche Tipps rund um Personalmanagement\" \/>\n<meta property=\"og:url\" content=\"https:\/\/enlito.lt\/de\/nuetzliches\/\" \/>\n<meta property=\"og:site_name\" content=\"Enlito\" \/>\n<meta property=\"article:modified_time\" content=\"2025-08-20T08:28:33+00:00\" \/>\n<meta name=\"twitter:card\" content=\"summary_large_image\" \/>\n<meta name=\"twitter:label1\" content=\"Gesch\u00e4tzte Lesezeit\" \/>\n\t<meta name=\"twitter:data1\" content=\"1\u00a0Minute\" \/>\n<script type=\"application\/ld+json\" class=\"yoast-schema-graph\">{\"@context\":\"https:\/\/schema.org\",\"@graph\":[{\"@type\":\"WebPage\",\"@id\":\"https:\/\/enlito.lt\/de\/nuetzliches\/\",\"url\":\"https:\/\/enlito.lt\/de\/nuetzliches\/\",\"name\":\"N\u00fctzliche Tipps - Enlito - Informationen f\u00fcr Arbeitgeber und Arbeitnehmer\",\"isPartOf\":{\"@id\":\"https:\/\/enlito.lt\/de\/#website\"},\"datePublished\":\"2025-04-16T05:26:11+00:00\",\"dateModified\":\"2025-08-20T08:28:33+00:00\",\"description\":\"In unserem Bereich \u201eN\u00fctzliches\u201c finden Sie praktische Ratgeber, Antworten auf h\u00e4ufige Fragen und hilfreiche Tipps rund um Personalmanagement\",\"breadcrumb\":{\"@id\":\"https:\/\/enlito.lt\/de\/nuetzliches\/#breadcrumb\"},\"inLanguage\":\"de\",\"potentialAction\":[{\"@type\":\"ReadAction\",\"target\":[\"https:\/\/enlito.lt\/de\/nuetzliches\/\"]}]},{\"@type\":\"BreadcrumbList\",\"@id\":\"https:\/\/enlito.lt\/de\/nuetzliches\/#breadcrumb\",\"itemListElement\":[{\"@type\":\"ListItem\",\"position\":1,\"name\":\"&nbsp;\",\"item\":\"https:\/\/enlito.lt\/de\/\"},{\"@type\":\"ListItem\",\"position\":2,\"name\":\"N\u00fctzliches\"}]},{\"@type\":\"WebSite\",\"@id\":\"https:\/\/enlito.lt\/de\/#website\",\"url\":\"https:\/\/enlito.lt\/de\/\",\"name\":\"Enlito\",\"description\":\"\",\"potentialAction\":[{\"@type\":\"SearchAction\",\"target\":{\"@type\":\"EntryPoint\",\"urlTemplate\":\"https:\/\/enlito.lt\/de\/?s={search_term_string}\"},\"query-input\":{\"@type\":\"PropertyValueSpecification\",\"valueRequired\":true,\"valueName\":\"search_term_string\"}}],\"inLanguage\":\"de\"}]}<\/script>\n<!-- \/ Yoast SEO Premium plugin. -->","yoast_head_json":{"title":"N\u00fctzliche Tipps - Enlito - Informationen f\u00fcr Arbeitgeber und Arbeitnehmer","description":"In unserem Bereich \u201eN\u00fctzliches\u201c finden Sie praktische Ratgeber, Antworten auf h\u00e4ufige Fragen und hilfreiche Tipps rund um Personalmanagement","robots":{"index":"index","follow":"follow","max-snippet":"max-snippet:-1","max-image-preview":"max-image-preview:large","max-video-preview":"max-video-preview:-1"},"canonical":"https:\/\/enlito.lt\/de\/nuetzliches\/","og_locale":"de_DE","og_type":"article","og_title":"N\u00fctzliches","og_description":"In unserem Bereich \u201eN\u00fctzliches\u201c finden Sie praktische Ratgeber, Antworten auf h\u00e4ufige Fragen und hilfreiche Tipps rund um Personalmanagement","og_url":"https:\/\/enlito.lt\/de\/nuetzliches\/","og_site_name":"Enlito","article_modified_time":"2025-08-20T08:28:33+00:00","twitter_card":"summary_large_image","twitter_misc":{"Gesch\u00e4tzte Lesezeit":"1\u00a0Minute"},"schema":{"@context":"https:\/\/schema.org","@graph":[{"@type":"WebPage","@id":"https:\/\/enlito.lt\/de\/nuetzliches\/","url":"https:\/\/enlito.lt\/de\/nuetzliches\/","name":"N\u00fctzliche Tipps - Enlito - Informationen f\u00fcr Arbeitgeber und Arbeitnehmer","isPartOf":{"@id":"https:\/\/enlito.lt\/de\/#website"},"datePublished":"2025-04-16T05:26:11+00:00","dateModified":"2025-08-20T08:28:33+00:00","description":"In unserem Bereich \u201eN\u00fctzliches\u201c finden Sie praktische Ratgeber, Antworten auf h\u00e4ufige Fragen und hilfreiche Tipps rund um Personalmanagement","breadcrumb":{"@id":"https:\/\/enlito.lt\/de\/nuetzliches\/#breadcrumb"},"inLanguage":"de","potentialAction":[{"@type":"ReadAction","target":["https:\/\/enlito.lt\/de\/nuetzliches\/"]}]},{"@type":"BreadcrumbList","@id":"https:\/\/enlito.lt\/de\/nuetzliches\/#breadcrumb","itemListElement":[{"@type":"ListItem","position":1,"name":"&nbsp;","item":"https:\/\/enlito.lt\/de\/"},{"@type":"ListItem","position":2,"name":"N\u00fctzliches"}]},{"@type":"WebSite","@id":"https:\/\/enlito.lt\/de\/#website","url":"https:\/\/enlito.lt\/de\/","name":"Enlito","description":"","potentialAction":[{"@type":"SearchAction","target":{"@type":"EntryPoint","urlTemplate":"https:\/\/enlito.lt\/de\/?s={search_term_string}"},"query-input":{"@type":"PropertyValueSpecification","valueRequired":true,"valueName":"search_term_string"}}],"inLanguage":"de"}]}},"_links":{"self":[{"href":"https:\/\/enlito.lt\/de\/wp-json\/wp\/v2\/pages\/2191","targetHints":{"allow":["GET"]}}],"collection":[{"href":"https:\/\/enlito.lt\/de\/wp-json\/wp\/v2\/pages"}],"about":[{"href":"https:\/\/enlito.lt\/de\/wp-json\/wp\/v2\/types\/page"}],"author":[{"embeddable":true,"href":"https:\/\/enlito.lt\/de\/wp-json\/wp\/v2\/users\/1"}],"replies":[{"embeddable":true,"href":"https:\/\/enlito.lt\/de\/wp-json\/wp\/v2\/comments?post=2191"}],"version-history":[{"count":6,"href":"https:\/\/enlito.lt\/de\/wp-json\/wp\/v2\/pages\/2191\/revisions"}],"predecessor-version":[{"id":2440,"href":"https:\/\/enlito.lt\/de\/wp-json\/wp\/v2\/pages\/2191\/revisions\/2440"}],"wp:attachment":[{"href":"https:\/\/enlito.lt\/de\/wp-json\/wp\/v2\/media?parent=2191"}],"curies":[{"name":"wp","href":"https:\/\/api.w.org\/{rel}","templated":true}]}}